{"id":22951,"date":"2025-08-31T16:29:35","date_gmt":"2025-08-31T16:29:35","guid":{"rendered":"https:\/\/arkebim.com\/?page_id=22951"},"modified":"2025-09-01T21:57:49","modified_gmt":"2025-09-01T21:57:49","slug":"politica-de-tratamiento-de-datos-personales","status":"publish","type":"page","link":"https:\/\/arkebim.com\/en\/politica-de-tratamiento-de-datos-personales\/","title":{"rendered":"Personal data processing policy"},"content":{"rendered":"<div data-elementor-type=\"wp-page\" data-elementor-id=\"22951\" class=\"elementor elementor-22951\" data-elementor-post-type=\"page\">\n\t\t\t\t<div class=\"elementor-element elementor-element-21b1a35 e-flex e-con-boxed wpr-particle-no wpr-jarallax-no wpr-parallax-no wpr-sticky-section-no wpr-equal-height-no e-con e-parent\" data-id=\"21b1a35\" data-element_type=\"container\" data-e-type=\"container\">\n\t\t\t\t\t<div class=\"e-con-inner\">\n\t\t\t\t<div class=\"elementor-element elementor-element-8a108b5 elementor-widget elementor-widget-spacer\" data-id=\"8a108b5\" data-element_type=\"widget\" data-e-type=\"widget\" data-widget_type=\"spacer.default\">\n\t\t\t\t\t\t\t<div class=\"elementor-spacer\">\n\t\t\t<div class=\"elementor-spacer-inner\"><\/div>\n\t\t<\/div>\n\t\t\t\t\t\t<\/div>\n\t\t\t\t\t<\/div>\n\t\t\t\t<\/div>\n\t\t<div class=\"elementor-element elementor-element-c9b9ea7 e-flex e-con-boxed wpr-particle-no wpr-jarallax-no wpr-parallax-no wpr-sticky-section-no wpr-equal-height-no e-con e-parent\" data-id=\"c9b9ea7\" data-element_type=\"container\" data-e-type=\"container\">\n\t\t\t\t\t<div class=\"e-con-inner\">\n\t\t<div class=\"elementor-element elementor-element-04edd98 e-grid e-con-full wpr-particle-no wpr-jarallax-no wpr-parallax-no wpr-sticky-section-no wpr-equal-height-no e-con e-child\" data-id=\"04edd98\" data-element_type=\"container\" data-e-type=\"container\" data-settings=\"{&quot;background_background&quot;:&quot;classic&quot;}\">\n\t\t\t\t<div class=\"elementor-element elementor-element-94e2e80 elementor-widget elementor-widget-spacer\" data-id=\"94e2e80\" data-element_type=\"widget\" data-e-type=\"widget\" data-widget_type=\"spacer.default\">\n\t\t\t\t\t\t\t<div class=\"elementor-spacer\">\n\t\t\t<div class=\"elementor-spacer-inner\"><\/div>\n\t\t<\/div>\n\t\t\t\t\t\t<\/div>\n\t\t\t\t<div class=\"elementor-element elementor-element-1713caf elementor-align-center elementor-mobile-align-center elementor-icon-list--layout-traditional elementor-list-item-link-full_width elementor-widget elementor-widget-icon-list\" data-id=\"1713caf\" data-element_type=\"widget\" data-e-type=\"widget\" data-widget_type=\"icon-list.default\">\n\t\t\t\t\t\t\t<ul class=\"elementor-icon-list-items\">\n\t\t\t\t\t\t\t<li class=\"elementor-icon-list-item\">\n\t\t\t\t\t\t\t\t\t\t\t<span class=\"elementor-icon-list-icon\">\n\t\t\t\t\t\t\t<svg aria-hidden=\"true\" class=\"e-font-icon-svg e-fas-balance-scale\" viewbox=\"0 0 640 512\" xmlns=\"http:\/\/www.w3.org\/2000\/svg\"><path d=\"M256 336h-.02c0-16.18 1.34-8.73-85.05-181.51-17.65-35.29-68.19-35.36-85.87 0C-2.06 328.75.02 320.33.02 336H0c0 44.18 57.31 80 128 80s128-35.82 128-80zM128 176l72 144H56l72-144zm511.98 160c0-16.18 1.34-8.73-85.05-181.51-17.65-35.29-68.19-35.36-85.87 0-87.12 174.26-85.04 165.84-85.04 181.51H384c0 44.18 57.31 80 128 80s128-35.82 128-80h-.02zM440 320l72-144 72 144H440zm88 128H352V153.25c23.51-10.29 41.16-31.48 46.39-57.25H528c8.84 0 16-7.16 16-16V48c0-8.84-7.16-16-16-16H383.64C369.04 12.68 346.09 0 320 0s-49.04 12.68-63.64 32H112c-8.84 0-16 7.16-16 16v32c0 8.84 7.16 16 16 16h129.61c5.23 25.76 22.87 46.96 46.39 57.25V448H112c-8.84 0-16 7.16-16 16v32c0 8.84 7.16 16 16 16h416c8.84 0 16-7.16 16-16v-32c0-8.84-7.16-16-16-16z\"><\/path><\/svg>\t\t\t\t\t\t<\/span>\n\t\t\t\t\t\t\t\t\t\t<span class=\"elementor-icon-list-text\">Personal data processing policy <\/span>\n\t\t\t\t\t\t\t\t\t<\/li>\n\t\t\t\t\t\t<\/ul>\n\t\t\t\t\t\t<\/div>\n\t\t\t\t<div class=\"elementor-element elementor-element-6f7c3de elementor-widget elementor-widget-spacer\" data-id=\"6f7c3de\" data-element_type=\"widget\" data-e-type=\"widget\" data-widget_type=\"spacer.default\">\n\t\t\t\t\t\t\t<div class=\"elementor-spacer\">\n\t\t\t<div class=\"elementor-spacer-inner\"><\/div>\n\t\t<\/div>\n\t\t\t\t\t\t<\/div>\n\t\t\t\t<\/div>\n\t\t\t\t\t<\/div>\n\t\t\t\t<\/div>\n\t\t<div class=\"elementor-element elementor-element-4920496 e-flex e-con-boxed wpr-particle-no wpr-jarallax-no wpr-parallax-no wpr-sticky-section-no wpr-equal-height-no e-con e-parent\" data-id=\"4920496\" data-element_type=\"container\" data-e-type=\"container\">\n\t\t\t\t\t<div class=\"e-con-inner\">\n\t\t\t\t<div class=\"elementor-element elementor-element-d9635bc elementor-widget elementor-widget-spacer\" data-id=\"d9635bc\" data-element_type=\"widget\" data-e-type=\"widget\" data-widget_type=\"spacer.default\">\n\t\t\t\t\t\t\t<div class=\"elementor-spacer\">\n\t\t\t<div class=\"elementor-spacer-inner\"><\/div>\n\t\t<\/div>\n\t\t\t\t\t\t<\/div>\n\t\t\t\t<div class=\"elementor-element elementor-element-ec5a965 elementor-widget elementor-widget-text-editor\" data-id=\"ec5a965\" data-element_type=\"widget\" data-e-type=\"widget\" data-widget_type=\"text-editor.default\">\n\t\t\t\t\t\t\t\t\t<p style=\"text-align: left;\"><span style=\"color: #000000;\"><em><strong>Company: ARKEBIM SAS<\/strong><\/em><\/span><br \/><span style=\"color: #000000;\"><em><strong>NIT: 901706223<\/strong><\/em><\/span><br \/><span style=\"color: #000000;\"><em><strong>Address: 128th Street No. 9\u00aa .60<\/strong><\/em><\/span><br \/><span style=\"color: #000000;\"><em><strong>Telephone: 3202427494<\/strong><\/em><\/span><br \/><span style=\"color: #000000;\"><em><strong>Email: comercial@arkebim.com<\/strong><\/em><\/span><\/p><p><br \/><br \/><\/p><h2>1. OBJECTIVE<\/h2><p>The purpose of this policy is to establish guidelines for the processing of personal data collected, stored, used, transmitted, and\/or transferred by ARKEBIM SAS, in compliance with the provisions of Law 1581 of 2012, Decree 1377 of 2013, and other applicable regulations.<br \/><br \/><\/p><h2>2. SCOPE<\/h2><p>It applies to all personal data obtained in the course of commercial, contractual, employment, and\/or other activities from clients, suppliers, employees, contractors, and other data subjects.<\/p><h2>\u00a0<\/h2><h2>3. DEFINITIONS<\/h2><ul><li><strong>PERSONAL DATA:<\/strong> any information linked to or that can be associated with one or more specific or determinable natural persons.<\/li><li><strong>SENSITIVE DATA:<\/strong> those that affect the privacy of the owner or whose misuse may generate discrimination<\/li><li><strong>TREATMENT:<\/strong> any operation on personal data, such as collection, storage, use, circulation or deletion.<\/li><li><strong>DATA CONTROLLER:<\/strong> natural or legal person who processes data on behalf of the controller<\/li><li><strong>DATA CONTROLLER:<\/strong> natural or legal person who decides on the database and\/or processing.<\/li><\/ul><h2><br \/>4. PRINCIPLES FOR TREATMENT<\/h2><p>The processing of personal data will be governed by the principles of legality, purpose, freedom, truthfulness, transparency, restricted access and circulation, security, and confidentiality.<br \/><br \/><\/p><h2>5. RIGHTS OF THE HOLDERS<\/h2><p>Personal data subjects have the right to:<\/p><ul><li>Know, update and rectify your data.<\/li><li>Request proof of the authorization granted for the treatment.<\/li><li>Be informed about how your data has been used.<\/li><li>File complaints with the Superintendency of Industry and Commerce (SIC).<\/li><li>Revoke authorization and\/or request deletion of data.<\/li><li>Access your personal data that has been processed free of charge.<br \/><br \/><\/li><\/ul><h2>6. AUTHORIZATION OF THE HOLDER<\/h2><p>ARKEBIM SAS will request prior, express, and informed authorization from the data subject, except in cases provided for by law, for the processing of personal data.<br \/><br \/><\/p><h2>7. PURPOSES OF THE PROCESSING<\/h2><p>The personal data collected will be used for:<\/p><ul><li>Administrative, commercial and financial management.<\/li><li>Execution of contracts with employees, customers and suppliers.<\/li><li>Compliance with legal, tax and accounting obligations.<\/li><li>Sending information related to the company&#039;s products, services and activities.<\/li><li>Evaluation of quality of services and customer service.<\/li><li>Staff selection, hiring, administration, and dismissal processes.<br \/><br \/><\/li><\/ul><h2>8. SECURITY MEASURES<\/h2><p>ARKEBIM SAS will implement reasonable technical, human, and administrative measures to protect personal information against loss, unauthorized access, misuse, or alteration.<\/p>\t\t\t\t\t\t\t\t<\/div>\n\t\t\t\t<div class=\"elementor-element elementor-element-0bb9088 elementor-widget elementor-widget-spacer\" data-id=\"0bb9088\" data-element_type=\"widget\" data-e-type=\"widget\" data-widget_type=\"spacer.default\">\n\t\t\t\t\t\t\t<div class=\"elementor-spacer\">\n\t\t\t<div class=\"elementor-spacer-inner\"><\/div>\n\t\t<\/div>\n\t\t\t\t\t\t<\/div>\n\t\t\t\t\t<\/div>\n\t\t\t\t<\/div>\n\t\t<div class=\"elementor-element elementor-element-f50aa09 e-flex e-con-boxed wpr-particle-no wpr-jarallax-no wpr-parallax-no wpr-sticky-section-no wpr-equal-height-no e-con e-parent\" data-id=\"f50aa09\" data-element_type=\"container\" data-e-type=\"container\">\n\t\t\t\t\t<div class=\"e-con-inner\">\n\t\t\t\t\t<\/div>\n\t\t\t\t<\/div>\n\t\t\t\t<\/div>","protected":false},"excerpt":{"rendered":"<p>Personal Data Processing Policy Company: ARKEBIM SAS NIT: 901706223 Address: Calle 128 No. 9A-60 Telephone: 3202427494 Email: comercial@arkebim.com 1. OBJECTIVE This policy aims to establish the guidelines for the processing of personal data collected, stored, used, transmitted, and\/or transferred by ARKEBIM SAS, in compliance with the provisions of Law 1581 of 2012, Decree 1377 of 2013, and other related regulations. 2. SCOPE This policy applies to all personal data obtained in the course of commercial, contractual, employment, and\/or any other activities of clients, suppliers, employees, contractors, and other data subjects. 3. DEFINITIONS PERSONAL DATA: any information linked to or that can be associated with one or more identified or identifiable natural persons. SENSITIVE DATA: Data that affects the privacy of the data subject or whose misuse may lead to discrimination. PROCESSING: Any operation performed on personal data, such as collection, storage, use, circulation, or deletion. DATA PROCESSOR: A natural or legal person who processes data on behalf of the data controller. DATA CONTROLLER: A natural or legal person who decides on the database and\/or the processing. 4. PRINCIPLES FOR PROCESSING The processing of personal data shall be governed by the principles of legality, purpose, freedom, accuracy, transparency, access and restricted circulation, security, and confidentiality. 5. RIGHTS OF DATA SUBJECTS Data subjects have the right to: Know, update, and rectify their data. Request proof of the authorization granted for processing. Be informed about the use that has been made of their data. File complaints with the Superintendency of Industry and Commerce (SIC). Revoke authorization and\/or request the deletion of their data. Access your personal data that has been processed, free of charge. 6. AUTHORIZATION OF THE DATA SUBJECT ARKEBIM SAS will request prior, express, and informed authorization from the data subject, except in the cases provided for by law, for the processing of their personal data. 7. PURPOSES OF PROCESSING The personal data collected will be used for: Administrative, commercial, and financial management. Execution of contracts with employees, clients, and suppliers. Compliance with legal, tax, and accounting obligations. Sending information related to the company&#039;s products, services, and activities. Evaluation of service quality and customer service. Personnel selection, hiring, administration, and termination processes. 8. SECURITY MEASURES ARKEBIM SAS will implement reasonable technical, human, and administrative measures to protect personal information against loss, unauthorized access, misuse, or alteration.<\/p>","protected":false},"author":3,"featured_media":0,"parent":0,"menu_order":0,"comment_status":"closed","ping_status":"closed","template":"","meta":{"_eb_attr":"","site-sidebar-layout":"no-sidebar","site-content-layout":"","ast-site-content-layout":"full-width-container","site-content-style":"default","site-sidebar-style":"default","ast-global-header-display":"","ast-banner-title-visibility":"","ast-main-header-display":"","ast-hfb-above-header-display":"","ast-hfb-below-header-display":"","ast-hfb-mobile-header-display":"","site-post-title":"","ast-breadcrumbs-content":"","ast-featured-img":"disabled","footer-sml-layout":"","ast-disable-related-posts":"","theme-transparent-header-meta":"","adv-header-id-meta":"","stick-header-meta":"","header-above-stick-meta":"","header-main-stick-meta":"","header-below-stick-meta":"","astra-migrate-meta-layouts":"default","ast-page-background-enabled":"default","ast-page-background-meta":{"desktop":{"background-color":"var(--ast-global-color-5)","background-image":"","background-repeat":"repeat","background-position":"center center","background-size":"auto","background-attachment":"scroll","background-type":"","background-media":"","overlay-type":"","overlay-color":"","overlay-opacity":"","overlay-gradient":""},"tablet":{"background-color":"","background-image":"","background-repeat":"repeat","background-position":"center center","background-size":"auto","background-attachment":"scroll","background-type":"","background-media":"","overlay-type":"","overlay-color":"","overlay-opacity":"","overlay-gradient":""},"mobile":{"background-color":"","background-image":"","background-repeat":"repeat","background-position":"center center","background-size":"auto","background-attachment":"scroll","background-type":"","background-media":"","overlay-type":"","overlay-color":"","overlay-opacity":"","overlay-gradient":""}},"ast-content-background-meta":{"desktop":{"background-color":"var(--ast-global-color-4)","background-image":"","background-repeat":"repeat","background-position":"center center","background-size":"auto","background-attachment":"scroll","background-type":"","background-media":"","overlay-type":"","overlay-color":"","overlay-opacity":"","overlay-gradient":""},"tablet":{"background-color":"var(--ast-global-color-4)","background-image":"","background-repeat":"repeat","background-position":"center center","background-size":"auto","background-attachment":"scroll","background-type":"","background-media":"","overlay-type":"","overlay-color":"","overlay-opacity":"","overlay-gradient":""},"mobile":{"background-color":"var(--ast-global-color-4)","background-image":"","background-repeat":"repeat","background-position":"center center","background-size":"auto","background-attachment":"scroll","background-type":"","background-media":"","overlay-type":"","overlay-color":"","overlay-opacity":"","overlay-gradient":""}},"_joinchat":[],"footnotes":""},"class_list":["post-22951","page","type-page","status-publish","hentry"],"yoast_head":"<!-- This site is optimized with the Yoast SEO plugin v27.5 - https:\/\/yoast.com\/product\/yoast-seo-wordpress\/ -->\n<title>Pol\u00edtica de tratamiento de datos personales -<\/title>\n<meta name=\"robots\" content=\"index, follow, max-snippet:-1, max-image-preview:large, max-video-preview:-1\" \/>\n<link rel=\"canonical\" href=\"https:\/\/arkebim.com\/en\/politica-de-tratamiento-de-datos-personales\/\" class=\"yoast-seo-meta-tag\" \/>\n<meta property=\"og:locale\" content=\"en_US\" class=\"yoast-seo-meta-tag\" \/>\n<meta property=\"og:type\" content=\"article\" class=\"yoast-seo-meta-tag\" \/>\n<meta property=\"og:title\" content=\"Pol\u00edtica de tratamiento de datos personales -\" class=\"yoast-seo-meta-tag\" \/>\n<meta property=\"og:description\" content=\"Pol\u00edtica de tratamiento de datos personales Empresa: ARKEBIM S.A.S.NIT: 901706223Direcci\u00f3n: calle 128 No 9\u00aa .60Tel\u00e9fono: 3202427494Correo electr\u00f3nico: comercial@arkebim.com 1. OBJETIVO La presente pol\u00edtica tiene como finalidad establecer las directrices para el tratamiento de los datos personales recolectados, almacenados, usados, transmitidos y\/o transferidos por ARKEBIM S.A.S., en cumplimiento de lo dispuesto en la Ley 1581 de 2012, el Decreto 1377 de 2013 y dem\u00e1s normas concordantes. 2. ALCANCE Aplica a todos los datos personales obtenidos en el desarrollo de las actividades comerciales, contractuales, laborales y\/o de cualquier otra \u00edndole, de clientes, proveedores, empleados, contratistas y dem\u00e1s titulares de la informaci\u00f3n. \u00a0 3. DEFINICIONES DATO PERSONAL: cualquier informaci\u00f3n vinculada o que pueda asociarse a una o varias personas naturales determinadas o determinables. DATO SENSIBLE: aquellos que afectan la intimidad del titular o cuyo uso indebido puede generar discriminaci\u00f3n TRATAMIENTO: cualquier operaci\u00f3n sobre datos personales, como recolecci\u00f3n, almacenamiento, uso, circulaci\u00f3n o supresi\u00f3n. ENCARGADO DEL TRATAMIENTO: persona natural o jur\u00eddica que realiza tratamiento de datos por cuenta del responsable RESPONSABLE DEL TRATAMIENTO: persona natural o jur\u00eddica que decide sobre la base de datos y\/o el tratamiento. 4. PRINCIPIOS PARA EL TRATAMIENTO El tratamiento de datos personales se regir\u00e1 por los principios de legalidad, finalidad, libertad, veracidad, transparencia, acceso y circulaci\u00f3n restringida, seguridad y confidencialidad. 5. DERECHOS DE LOS TITULARES Los titulares de datos personales tienen derecho a: Conocer, actualizar y rectificar sus datos. Solicitar prueba de la autorizaci\u00f3n otorgada para el tratamiento. Ser informados sobre el uso que se ha dado a sus datos. Presentar quejas ante la Superintendencia de Industria y Comercio (SIC). Revocar la autorizaci\u00f3n y\/o solicitar la supresi\u00f3n del dato. Acceder en forma gratuita a sus datos personales que hayan sido objeto de tratamiento. 6. AUTORIZACI\u00d3N DEL TITULAR ARKEBIM S.A.S. solicitar\u00e1 autorizaci\u00f3n previa, expresa e informada al titular, salvo en los casos previstos en la ley, para el tratamiento de sus datos personales. 7. FINALIDADES DEL TRATAMIENTO Los datos personales recolectados ser\u00e1n utilizados para: Gesti\u00f3n administrativa, comercial y financiera. Ejecuci\u00f3n de contratos con empleados, clientes y proveedores. Cumplimiento de obligaciones legales, tributarias y contables. Env\u00edo de informaci\u00f3n relacionada con productos, servicios y actividades de la empresa. Evaluaci\u00f3n de calidad de servicios y atenci\u00f3n al cliente. Procesos de selecci\u00f3n, vinculaci\u00f3n, administraci\u00f3n y desvinculaci\u00f3n de personal. 8. MEDIDAS DE SEGURIDAD ARKEBIM S.A.S. implementar\u00e1 medidas t\u00e9cnicas, humanas y administrativas razonables para proteger la informaci\u00f3n personal contra p\u00e9rdida, acceso no autorizado, uso indebido o alteraci\u00f3n.\" class=\"yoast-seo-meta-tag\" \/>\n<meta property=\"og:url\" content=\"https:\/\/arkebim.com\/en\/politica-de-tratamiento-de-datos-personales\/\" class=\"yoast-seo-meta-tag\" \/>\n<meta property=\"article:publisher\" content=\"https:\/\/www.facebook.com\/arkebimco\/\" class=\"yoast-seo-meta-tag\" \/>\n<meta property=\"article:modified_time\" content=\"2025-09-01T21:57:49+00:00\" class=\"yoast-seo-meta-tag\" \/>\n<meta name=\"twitter:card\" content=\"summary_large_image\" class=\"yoast-seo-meta-tag\" \/>\n<meta name=\"twitter:label1\" content=\"Est. reading time\" class=\"yoast-seo-meta-tag\" \/>\n\t<meta name=\"twitter:data1\" content=\"2 minutes\" class=\"yoast-seo-meta-tag\" \/>\n<script type=\"application\/ld+json\" class=\"yoast-schema-graph\">{\"@context\":\"https:\\\/\\\/schema.org\",\"@graph\":[{\"@type\":\"WebPage\",\"@id\":\"https:\\\/\\\/arkebim.com\\\/politica-de-tratamiento-de-datos-personales\\\/\",\"url\":\"https:\\\/\\\/arkebim.com\\\/politica-de-tratamiento-de-datos-personales\\\/\",\"name\":\"Pol\u00edtica de tratamiento de datos personales -\",\"isPartOf\":{\"@id\":\"https:\\\/\\\/arkebim.com\\\/#website\"},\"datePublished\":\"2025-08-31T16:29:35+00:00\",\"dateModified\":\"2025-09-01T21:57:49+00:00\",\"breadcrumb\":{\"@id\":\"https:\\\/\\\/arkebim.com\\\/politica-de-tratamiento-de-datos-personales\\\/#breadcrumb\"},\"inLanguage\":\"en-US\",\"potentialAction\":[{\"@type\":\"ReadAction\",\"target\":[\"https:\\\/\\\/arkebim.com\\\/politica-de-tratamiento-de-datos-personales\\\/\"]}]},{\"@type\":\"BreadcrumbList\",\"@id\":\"https:\\\/\\\/arkebim.com\\\/politica-de-tratamiento-de-datos-personales\\\/#breadcrumb\",\"itemListElement\":[{\"@type\":\"ListItem\",\"position\":1,\"name\":\"Inicio\",\"item\":\"https:\\\/\\\/arkebim.com\\\/\"},{\"@type\":\"ListItem\",\"position\":2,\"name\":\"Pol\u00edtica de tratamiento de datos personales\"}]},{\"@type\":\"WebSite\",\"@id\":\"https:\\\/\\\/arkebim.com\\\/#website\",\"url\":\"https:\\\/\\\/arkebim.com\\\/\",\"name\":\"\",\"description\":\"\",\"potentialAction\":[{\"@type\":\"SearchAction\",\"target\":{\"@type\":\"EntryPoint\",\"urlTemplate\":\"https:\\\/\\\/arkebim.com\\\/?s={search_term_string}\"},\"query-input\":{\"@type\":\"PropertyValueSpecification\",\"valueRequired\":true,\"valueName\":\"search_term_string\"}}],\"inLanguage\":\"en-US\"}]}<\/script>\n<!-- \/ Yoast SEO plugin. -->","yoast_head_json":{"title":"Pol\u00edtica de tratamiento de datos personales -","robots":{"index":"index","follow":"follow","max-snippet":"max-snippet:-1","max-image-preview":"max-image-preview:large","max-video-preview":"max-video-preview:-1"},"canonical":"https:\/\/arkebim.com\/en\/politica-de-tratamiento-de-datos-personales\/","og_locale":"en_US","og_type":"article","og_title":"Pol\u00edtica de tratamiento de datos personales -","og_description":"Pol\u00edtica de tratamiento de datos personales Empresa: ARKEBIM S.A.S.NIT: 901706223Direcci\u00f3n: calle 128 No 9\u00aa .60Tel\u00e9fono: 3202427494Correo electr\u00f3nico: comercial@arkebim.com 1. OBJETIVO La presente pol\u00edtica tiene como finalidad establecer las directrices para el tratamiento de los datos personales recolectados, almacenados, usados, transmitidos y\/o transferidos por ARKEBIM S.A.S., en cumplimiento de lo dispuesto en la Ley 1581 de 2012, el Decreto 1377 de 2013 y dem\u00e1s normas concordantes. 2. ALCANCE Aplica a todos los datos personales obtenidos en el desarrollo de las actividades comerciales, contractuales, laborales y\/o de cualquier otra \u00edndole, de clientes, proveedores, empleados, contratistas y dem\u00e1s titulares de la informaci\u00f3n. \u00a0 3. DEFINICIONES DATO PERSONAL: cualquier informaci\u00f3n vinculada o que pueda asociarse a una o varias personas naturales determinadas o determinables. DATO SENSIBLE: aquellos que afectan la intimidad del titular o cuyo uso indebido puede generar discriminaci\u00f3n TRATAMIENTO: cualquier operaci\u00f3n sobre datos personales, como recolecci\u00f3n, almacenamiento, uso, circulaci\u00f3n o supresi\u00f3n. ENCARGADO DEL TRATAMIENTO: persona natural o jur\u00eddica que realiza tratamiento de datos por cuenta del responsable RESPONSABLE DEL TRATAMIENTO: persona natural o jur\u00eddica que decide sobre la base de datos y\/o el tratamiento. 4. PRINCIPIOS PARA EL TRATAMIENTO El tratamiento de datos personales se regir\u00e1 por los principios de legalidad, finalidad, libertad, veracidad, transparencia, acceso y circulaci\u00f3n restringida, seguridad y confidencialidad. 5. DERECHOS DE LOS TITULARES Los titulares de datos personales tienen derecho a: Conocer, actualizar y rectificar sus datos. Solicitar prueba de la autorizaci\u00f3n otorgada para el tratamiento. Ser informados sobre el uso que se ha dado a sus datos. Presentar quejas ante la Superintendencia de Industria y Comercio (SIC). Revocar la autorizaci\u00f3n y\/o solicitar la supresi\u00f3n del dato. Acceder en forma gratuita a sus datos personales que hayan sido objeto de tratamiento. 6. AUTORIZACI\u00d3N DEL TITULAR ARKEBIM S.A.S. solicitar\u00e1 autorizaci\u00f3n previa, expresa e informada al titular, salvo en los casos previstos en la ley, para el tratamiento de sus datos personales. 7. FINALIDADES DEL TRATAMIENTO Los datos personales recolectados ser\u00e1n utilizados para: Gesti\u00f3n administrativa, comercial y financiera. Ejecuci\u00f3n de contratos con empleados, clientes y proveedores. Cumplimiento de obligaciones legales, tributarias y contables. Env\u00edo de informaci\u00f3n relacionada con productos, servicios y actividades de la empresa. Evaluaci\u00f3n de calidad de servicios y atenci\u00f3n al cliente. Procesos de selecci\u00f3n, vinculaci\u00f3n, administraci\u00f3n y desvinculaci\u00f3n de personal. 8. MEDIDAS DE SEGURIDAD ARKEBIM S.A.S. implementar\u00e1 medidas t\u00e9cnicas, humanas y administrativas razonables para proteger la informaci\u00f3n personal contra p\u00e9rdida, acceso no autorizado, uso indebido o alteraci\u00f3n.","og_url":"https:\/\/arkebim.com\/en\/politica-de-tratamiento-de-datos-personales\/","article_publisher":"https:\/\/www.facebook.com\/arkebimco\/","article_modified_time":"2025-09-01T21:57:49+00:00","twitter_card":"summary_large_image","twitter_misc":{"Est. reading time":"2 minutes"},"schema":{"@context":"https:\/\/schema.org","@graph":[{"@type":"WebPage","@id":"https:\/\/arkebim.com\/politica-de-tratamiento-de-datos-personales\/","url":"https:\/\/arkebim.com\/politica-de-tratamiento-de-datos-personales\/","name":"Pol\u00edtica de tratamiento de datos personales -","isPartOf":{"@id":"https:\/\/arkebim.com\/#website"},"datePublished":"2025-08-31T16:29:35+00:00","dateModified":"2025-09-01T21:57:49+00:00","breadcrumb":{"@id":"https:\/\/arkebim.com\/politica-de-tratamiento-de-datos-personales\/#breadcrumb"},"inLanguage":"en-US","potentialAction":[{"@type":"ReadAction","target":["https:\/\/arkebim.com\/politica-de-tratamiento-de-datos-personales\/"]}]},{"@type":"BreadcrumbList","@id":"https:\/\/arkebim.com\/politica-de-tratamiento-de-datos-personales\/#breadcrumb","itemListElement":[{"@type":"ListItem","position":1,"name":"Inicio","item":"https:\/\/arkebim.com\/"},{"@type":"ListItem","position":2,"name":"Pol\u00edtica de tratamiento de datos personales"}]},{"@type":"WebSite","@id":"https:\/\/arkebim.com\/#website","url":"https:\/\/arkebim.com\/","name":"","description":"","potentialAction":[{"@type":"SearchAction","target":{"@type":"EntryPoint","urlTemplate":"https:\/\/arkebim.com\/?s={search_term_string}"},"query-input":{"@type":"PropertyValueSpecification","valueRequired":true,"valueName":"search_term_string"}}],"inLanguage":"en-US"}]}},"brizy_media":[],"_links":{"self":[{"href":"https:\/\/arkebim.com\/en\/wp-json\/wp\/v2\/pages\/22951","targetHints":{"allow":["GET"]}}],"collection":[{"href":"https:\/\/arkebim.com\/en\/wp-json\/wp\/v2\/pages"}],"about":[{"href":"https:\/\/arkebim.com\/en\/wp-json\/wp\/v2\/types\/page"}],"author":[{"embeddable":true,"href":"https:\/\/arkebim.com\/en\/wp-json\/wp\/v2\/users\/3"}],"replies":[{"embeddable":true,"href":"https:\/\/arkebim.com\/en\/wp-json\/wp\/v2\/comments?post=22951"}],"version-history":[{"count":13,"href":"https:\/\/arkebim.com\/en\/wp-json\/wp\/v2\/pages\/22951\/revisions"}],"predecessor-version":[{"id":22966,"href":"https:\/\/arkebim.com\/en\/wp-json\/wp\/v2\/pages\/22951\/revisions\/22966"}],"wp:attachment":[{"href":"https:\/\/arkebim.com\/en\/wp-json\/wp\/v2\/media?parent=22951"}],"curies":[{"name":"wp","href":"https:\/\/api.w.org\/{rel}","templated":true}]}}